{"id":6107,"date":"2025-11-25T16:00:15","date_gmt":"2025-11-25T14:00:15","guid":{"rendered":"https:\/\/salenfjallen.se\/staff-card\/"},"modified":"2025-11-25T16:00:15","modified_gmt":"2025-11-25T14:00:15","slug":"staff-card","status":"publish","type":"page","link":"https:\/\/salenfjallen.se\/en\/staff-card\/","title":{"rendered":"Staff card"},"content":{"rendered":"\t\t<div data-elementor-type=\"wp-page\" data-elementor-id=\"6107\" class=\"elementor elementor-6107 elementor-3962\" data-elementor-post-type=\"page\">\n\t\t\t\t\t\t<section class=\"elementor-section elementor-top-section elementor-element elementor-element-b241dea elementor-section-boxed elementor-section-height-default elementor-section-height-default\" data-id=\"b241dea\" data-element_type=\"section\" data-e-type=\"section\">\n\t\t\t\t\t\t<div class=\"elementor-container elementor-column-gap-default\">\n\t\t\t\t\t<div class=\"elementor-column elementor-col-100 elementor-top-column elementor-element elementor-element-6ff5284\" data-id=\"6ff5284\" data-element_type=\"column\" data-e-type=\"column\">\n\t\t\t<div class=\"elementor-widget-wrap elementor-element-populated\">\n\t\t\t\t\t\t<div class=\"elementor-element elementor-element-2ad20fe elementor-widget elementor-widget-heading\" data-id=\"2ad20fe\" data-element_type=\"widget\" data-e-type=\"widget\" data-widget_type=\"heading.default\">\n\t\t\t\t<div class=\"elementor-widget-container\">\n\t\t\t\t\t<h1 class=\"elementor-heading-title elementor-size-xxl\">Staff card<\/h1>\t\t\t\t<\/div>\n\t\t\t\t<\/div>\n\t\t\t\t<section class=\"elementor-section elementor-inner-section elementor-element elementor-element-e3655f4 elementor-section-boxed elementor-section-height-default elementor-section-height-default\" data-id=\"e3655f4\" data-element_type=\"section\" data-e-type=\"section\">\n\t\t\t\t\t\t<div class=\"elementor-container elementor-column-gap-default\">\n\t\t\t\t\t<div class=\"elementor-column elementor-col-50 elementor-inner-column elementor-element elementor-element-e73bc25\" data-id=\"e73bc25\" data-element_type=\"column\" data-e-type=\"column\">\n\t\t\t<div class=\"elementor-widget-wrap elementor-element-populated\">\n\t\t\t\t\t\t<div class=\"elementor-element elementor-element-73b80ae elementor-widget elementor-widget-text-editor\" data-id=\"73b80ae\" data-element_type=\"widget\" data-e-type=\"widget\" data-widget_type=\"text-editor.default\">\n\t\t\t\t<div class=\"elementor-widget-container\">\n\t\t\t\t\t\t\t\t\t<p><span data-teams=\"true\">Staff discounts for the 25\/26 season will be communicated at the end of November and the staff card will be valid from December 1.&nbsp;<\/span><\/p>\n<p><span data-teams=\"true\">It will be a digital staff card that holders can access via the app. In the app, you can find out more about the discounts available from each company! &nbsp;<\/span><\/p>\n<p><span data-teams=\"true\"><b>Those currently offering staff discounts are:<\/b><\/span><\/p>\n<p>AB Leonarden<\/p><p>&nbsp;Alltj\u00e4nst i Fokus i S\u00e4len AB&nbsp;<\/p><p>&nbsp;Bedits Kaffe &amp; K\u00f6k (Vi Fyra AB)<\/p><p>&nbsp;Br\u00e4ndholms \u00c5tervinning AB<\/p><p>&nbsp;B\u00e4ST\u00e4d AB<\/p><p>&nbsp;Circle K S\u00e4len (Tangen S\u00e4len Service AB)<\/p><p>&nbsp;The valley side<\/p><p>&nbsp;Emma&#8217;s hairdresser&nbsp;<\/p><p>&nbsp;Enterprise Rent-A-Car<\/p><p>&nbsp;Erik&#8217;s ski course<\/p><p>&nbsp;Explore S\u00e4len AB<\/p><p>&nbsp;Mountain restaurants MEZZO<\/p><p>&nbsp;Fompe AB \/ Hundfj\u00e4llets Restauranger<\/p><p>&nbsp;form&amp;function in S\u00e4len AB<\/p><p>&nbsp;The old farm<\/p><p>&nbsp;Handelskompaniet i S\u00e4len AB<\/p><p>&nbsp;Hemfj\u00e4llsstugan AB<\/p><p>&nbsp;Herrbadet AB \/&nbsp;<\/p><p>&nbsp;HM Mat &amp; Dryck i S\u00e4len AB<\/p><p>&nbsp;ICA N\u00e4ra Tand\u00e5dalen<\/p><p>&nbsp;IDP drift coh servicetj\u00e4nster AB<\/p><p>&nbsp;Intersport S\u00e4len AB<\/p><p>&nbsp;Janis in S\u00e4len AB<\/p><p>&nbsp;Juliusson Consulting AB (X-Country Coaching)<\/p><p>&nbsp;Kaisers Skidbod<\/p><p>&nbsp;Lammet&amp;Grisen i S\u00e4len AB<\/p><p>&nbsp;Lind Fj\u00e4ll\u00e4ventyr AB<\/p><p>&nbsp;Lindvallen Restauranger AB<\/p><p>&nbsp;McDonalds Lindvallen, S\u00e4len<\/p><p>&nbsp;More Activities S\u00e4len AB<\/p><p>&nbsp;Olarsg\u00e5rden Hotel &amp; Restaurant AB<\/p><p>&nbsp;Rehnberg&#8217;s cottage rental&nbsp;<\/p><p>&nbsp;SkiStar AB<\/p><p>&nbsp;SkiStar S\u00e4len<\/p><p>&nbsp;St\u00f6ten i S\u00e4len AB<\/p><p>&nbsp;S\u00e4len Buss AB<\/p><p>&nbsp;S\u00e4lens H\u00f6gfj\u00e4llshotell<\/p><p>&nbsp;S\u00e4len Snowmobile Safari<\/p><p>&nbsp;Off-road training in S\u00e4len AB<\/p><p>&nbsp;Tina\u00b4s Mat in S\u00e4len AB<\/p><p>&nbsp;Today is the day<\/p><p>&nbsp;Topeja Resturang AB<\/p><p>&nbsp;Vasaloppsf\u00f6reningen S\u00e4len-Mora<\/p><p><span data-teams=\"true\"><\/span><\/p><p>&nbsp;Ylvas V\u00e5ffelstuga AB<\/p>\t\t\t\t\t\t\t\t<\/div>\n\t\t\t\t<\/div>\n\t\t\t\t\t<\/div>\n\t\t<\/div>\n\t\t\t\t<div class=\"elementor-column elementor-col-50 elementor-inner-column elementor-element elementor-element-2ff8a3f\" data-id=\"2ff8a3f\" data-element_type=\"column\" data-e-type=\"column\">\n\t\t\t<div class=\"elementor-widget-wrap elementor-element-populated\">\n\t\t\t\t\t\t<div class=\"elementor-element elementor-element-c365db7 elementor-widget__width-initial elementor-widget-mobile__width-initial elementor-widget elementor-widget-image\" data-id=\"c365db7\" data-element_type=\"widget\" data-e-type=\"widget\" data-widget_type=\"image.default\">\n\t\t\t\t<div class=\"elementor-widget-container\">\n\t\t\t\t\t\t\t\t\t\t\t\t\t\t\t<img fetchpriority=\"high\" decoding=\"async\" width=\"1005\" height=\"623\" src=\"https:\/\/salenfjallen.se\/wp-content\/uploads\/2024\/10\/personalkort-2425.jpg\" class=\"attachment-full size-full wp-image-5571\" alt=\"\" srcset=\"https:\/\/salenfjallen.se\/wp-content\/uploads\/2024\/10\/personalkort-2425.jpg 1005w, https:\/\/salenfjallen.se\/wp-content\/uploads\/2024\/10\/personalkort-2425-300x186.jpg 300w, https:\/\/salenfjallen.se\/wp-content\/uploads\/2024\/10\/personalkort-2425-768x476.jpg 768w\" sizes=\"(max-width: 1005px) 100vw, 1005px\" \/>\t\t\t\t\t\t\t\t\t\t\t\t\t\t\t<\/div>\n\t\t\t\t<\/div>\n\t\t\t\t\t<\/div>\n\t\t<\/div>\n\t\t\t\t\t<\/div>\n\t\t<\/section>\n\t\t\t\t\t<\/div>\n\t\t<\/div>\n\t\t\t\t\t<\/div>\n\t\t<\/section>\n\t\t\t\t<\/div>\n\t\t","protected":false},"excerpt":{"rendered":"<p>Staff card Staff discounts for the 25\/26 season will be communicated at the end of November and the staff card will be valid from December 1.&nbsp; It will be a digital staff card that holders can access via the app. In the app, you can find out more about the discounts available from each company! [&hellip;]<\/p>\n","protected":false},"author":3,"featured_media":1085,"parent":0,"menu_order":0,"comment_status":"closed","ping_status":"closed","template":"","meta":{"footnotes":""},"class_list":["post-6107","page","type-page","status-publish","has-post-thumbnail","hentry"],"_links":{"self":[{"href":"https:\/\/salenfjallen.se\/en\/wp-json\/wp\/v2\/pages\/6107","targetHints":{"allow":["GET"]}}],"collection":[{"href":"https:\/\/salenfjallen.se\/en\/wp-json\/wp\/v2\/pages"}],"about":[{"href":"https:\/\/salenfjallen.se\/en\/wp-json\/wp\/v2\/types\/page"}],"author":[{"embeddable":true,"href":"https:\/\/salenfjallen.se\/en\/wp-json\/wp\/v2\/users\/3"}],"replies":[{"embeddable":true,"href":"https:\/\/salenfjallen.se\/en\/wp-json\/wp\/v2\/comments?post=6107"}],"version-history":[{"count":1,"href":"https:\/\/salenfjallen.se\/en\/wp-json\/wp\/v2\/pages\/6107\/revisions"}],"predecessor-version":[{"id":6108,"href":"https:\/\/salenfjallen.se\/en\/wp-json\/wp\/v2\/pages\/6107\/revisions\/6108"}],"wp:featuredmedia":[{"embeddable":true,"href":"https:\/\/salenfjallen.se\/en\/wp-json\/wp\/v2\/media\/1085"}],"wp:attachment":[{"href":"https:\/\/salenfjallen.se\/en\/wp-json\/wp\/v2\/media?parent=6107"}],"curies":[{"name":"wp","href":"https:\/\/api.w.org\/{rel}","templated":true}]}}